{"id":5147,"date":"2025-09-01T06:21:29","date_gmt":"2025-09-01T06:21:29","guid":{"rendered":"https:\/\/www.elegos.it\/sito\/?page_id=5147"},"modified":"2025-10-09T14:51:40","modified_gmt":"2025-10-09T14:51:40","slug":"chi-siamo","status":"publish","type":"page","link":"https:\/\/www.elegos.it\/sito\/chi-siamo\/","title":{"rendered":"Chi siamo"},"content":{"rendered":"\t\t<div data-elementor-type=\"wp-page\" data-elementor-id=\"5147\" class=\"elementor elementor-5147\" data-elementor-post-type=\"page\">\n\t\t\t\t\t\t<section class=\"elementor-section elementor-top-section elementor-element elementor-element-8fe72de elementor-section-boxed elementor-section-height-default elementor-section-height-default\" data-id=\"8fe72de\" data-element_type=\"section\" data-e-type=\"section\">\n\t\t\t\t\t\t<div class=\"elementor-container elementor-column-gap-default\">\n\t\t\t\t\t<div class=\"elementor-column elementor-col-100 elementor-top-column elementor-element elementor-element-e39a425\" data-id=\"e39a425\" data-element_type=\"column\" data-e-type=\"column\">\n\t\t\t<div class=\"elementor-widget-wrap elementor-element-populated\">\n\t\t\t\t\t\t<div class=\"elementor-element elementor-element-27bd5a5 elementor-widget elementor-widget-text-editor\" data-id=\"27bd5a5\" data-element_type=\"widget\" data-e-type=\"widget\" data-widget_type=\"text-editor.default\">\n\t\t\t\t<div class=\"elementor-widget-container\">\n\t\t\t\t\t\t\t\t\t<p><b>Il valore della consapevolezza<\/b><b><br \/><\/b><span style=\"font-weight: 400;\">Elegos \u00e8 una rete di professionisti con competenze complementari \u2014 legali, organizzative, gestionali, finanziarie, tecnologiche, di comunicazione e marketing \u2014 che aiuta imprese e manager a prevenire i rischi e garantire la continuit\u00e0. Trasformiamo un obbligo normativo in vantaggio competitivo, ridefinendo processi e priorit\u00e0 perch\u00e9 ogni decisione sia informata, misurabile, sostenibile.<\/span><\/p><p><b>La rete che semplifica e protegge<\/b><b><br \/><\/b><span style=\"font-weight: 400;\">Entriamo in azienda per leggere i segnali deboli, fare chiarezza e costruire una gestione consapevole. Coordiniamo specialisti con visioni e skill diverse in un unico percorso: mappiamo i rischi, semplifichiamo gli adempimenti, traduciamo le norme in opportunit\u00e0 concrete per redditivit\u00e0, efficienza e reputazione, assicurando coerenza tra governance interna e comunicazione esterna.<\/span><\/p><p><b>Dall\u2019adeguatezza all\u2019anticipo del rischio<\/b><b><br \/><\/b><span style=\"font-weight: 400;\">Affianchiamo propriet\u00e0 e management nell\u2019implementazione di assetti organizzativi, amministrativi e contabili adeguati, disegnati sulla realt\u00e0 dell\u2019impresa. Mettiamo in sicurezza il futuro con governance, procedure e indicatori che anticipano le criticit\u00e0 e abilitano sviluppo, investimenti e continuit\u00e0 operativa.<\/span><\/p>\t\t\t\t\t\t\t\t<\/div>\n\t\t\t\t<\/div>\n\t\t\t\t\t<\/div>\n\t\t<\/div>\n\t\t\t\t\t<\/div>\n\t\t<\/section>\n\t\t\t\t<\/div>\n\t\t","protected":false},"excerpt":{"rendered":"<p>Il valore della consapevolezza Elegos \u00e8 una rete di professionisti con competenze complementari \u2014 legali, organizzative, gestionali, finanziarie, tecnologiche, di comunicazione e marketing \u2014 che aiuta imprese e manager a prevenire i rischi e garantire la continuit\u00e0. Trasformiamo un obbligo normativo in vantaggio competitivo, ridefinendo processi e priorit\u00e0 perch\u00e9 ogni decisione sia informata, misurabile, sostenibile. [&hellip;]<\/p>\n","protected":false},"author":1,"featured_media":0,"parent":0,"menu_order":0,"comment_status":"closed","ping_status":"closed","template":"","meta":{"footnotes":""},"class_list":["post-5147","page","type-page","status-publish","hentry"],"_links":{"self":[{"href":"https:\/\/www.elegos.it\/sito\/wp-json\/wp\/v2\/pages\/5147","targetHints":{"allow":["GET"]}}],"collection":[{"href":"https:\/\/www.elegos.it\/sito\/wp-json\/wp\/v2\/pages"}],"about":[{"href":"https:\/\/www.elegos.it\/sito\/wp-json\/wp\/v2\/types\/page"}],"author":[{"embeddable":true,"href":"https:\/\/www.elegos.it\/sito\/wp-json\/wp\/v2\/users\/1"}],"replies":[{"embeddable":true,"href":"https:\/\/www.elegos.it\/sito\/wp-json\/wp\/v2\/comments?post=5147"}],"version-history":[{"count":5,"href":"https:\/\/www.elegos.it\/sito\/wp-json\/wp\/v2\/pages\/5147\/revisions"}],"predecessor-version":[{"id":5499,"href":"https:\/\/www.elegos.it\/sito\/wp-json\/wp\/v2\/pages\/5147\/revisions\/5499"}],"wp:attachment":[{"href":"https:\/\/www.elegos.it\/sito\/wp-json\/wp\/v2\/media?parent=5147"}],"curies":[{"name":"wp","href":"https:\/\/api.w.org\/{rel}","templated":true}]}}