{"id":6029,"date":"2026-03-15T10:47:38","date_gmt":"2026-03-15T10:47:38","guid":{"rendered":"https:\/\/www.elegos.it\/sito\/?page_id=6029"},"modified":"2026-03-25T11:55:04","modified_gmt":"2026-03-25T11:55:04","slug":"chi-siamo_","status":"publish","type":"page","link":"https:\/\/www.elegos.it\/sito\/chi-siamo_\/","title":{"rendered":"Chi siamo_"},"content":{"rendered":"\t\t<div data-elementor-type=\"wp-page\" data-elementor-id=\"6029\" class=\"elementor elementor-6029\" data-elementor-post-type=\"page\">\n\t\t\t\t\t\t<section class=\"elementor-section elementor-top-section elementor-element elementor-element-49749f1 elementor-section-boxed elementor-section-height-default elementor-section-height-default\" data-id=\"49749f1\" data-element_type=\"section\" data-e-type=\"section\">\n\t\t\t\t\t\t<div class=\"elementor-container elementor-column-gap-default\">\n\t\t\t\t\t<div class=\"elementor-column elementor-col-100 elementor-top-column elementor-element elementor-element-33fd2d0\" data-id=\"33fd2d0\" data-element_type=\"column\" data-e-type=\"column\">\n\t\t\t<div class=\"elementor-widget-wrap elementor-element-populated\">\n\t\t\t\t\t\t<div class=\"elementor-element elementor-element-806dcc4 elementor-widget elementor-widget-text-editor\" data-id=\"806dcc4\" data-element_type=\"widget\" data-e-type=\"widget\" data-widget_type=\"text-editor.default\">\n\t\t\t\t<div class=\"elementor-widget-container\">\n\t\t\t\t\t\t\t\t\t<p data-start=\"252\" data-end=\"416\"><strong>Elegos \u00e8 una rete di professionisti che aiuta imprese, imprenditori e management a leggere meglio i rischi, rafforzare gli assetti e costruire continuit\u00e0 nel tempo.<\/strong><\/p><p data-start=\"418\" data-end=\"784\">Elegos nasce dall\u2019incontro di <strong data-start=\"448\" data-end=\"480\">competenze multidisciplinari<\/strong> che lavorano in modo coordinato su temi che, nelle imprese, vengono troppo spesso affrontati separatamente. <strong data-start=\"589\" data-end=\"677\">Adeguati assetti, ESG, controllo di gestione, governance, compliance e comunicazione<\/strong> non sono ambiti isolati: incidono sugli stessi equilibri aziendali e richiedono una <strong data-start=\"762\" data-end=\"783\">lettura integrata<\/strong>.<\/p><p data-start=\"786\" data-end=\"991\">Per questo lavoriamo come <strong data-start=\"812\" data-end=\"820\">rete<\/strong>: attiviamo le professionalit\u00e0 necessarie in base al contesto e costruiamo <strong data-start=\"895\" data-end=\"917\">percorsi su misura<\/strong>, coerenti con la realt\u00e0 dell\u2019impresa, i suoi obiettivi e le sue priorit\u00e0.<\/p>\t\t\t\t\t\t\t\t<\/div>\n\t\t\t\t<\/div>\n\t\t\t\t\t<\/div>\n\t\t<\/div>\n\t\t\t\t\t<\/div>\n\t\t<\/section>\n\t\t\t\t<section class=\"elementor-section elementor-top-section elementor-element elementor-element-f6048b4 elementor-section-boxed elementor-section-height-default elementor-section-height-default\" data-id=\"f6048b4\" data-element_type=\"section\" data-e-type=\"section\">\n\t\t\t\t\t\t<div class=\"elementor-container elementor-column-gap-default\">\n\t\t\t\t\t<div class=\"elementor-column elementor-col-100 elementor-top-column elementor-element elementor-element-4d52fac\" data-id=\"4d52fac\" data-element_type=\"column\" data-e-type=\"column\">\n\t\t\t<div class=\"elementor-widget-wrap elementor-element-populated\">\n\t\t\t\t\t\t<div class=\"elementor-element elementor-element-31dc368 elementor-widget elementor-widget-heading\" data-id=\"31dc368\" data-element_type=\"widget\" data-e-type=\"widget\" data-widget_type=\"heading.default\">\n\t\t\t\t<div class=\"elementor-widget-container\">\n\t\t\t\t\t<h4 class=\"elementor-heading-title elementor-size-default\">I soci fondatori<\/h4>\t\t\t\t<\/div>\n\t\t\t\t<\/div>\n\t\t\t\t<section class=\"elementor-section elementor-inner-section elementor-element elementor-element-135fb67 elementor-section-boxed elementor-section-height-default elementor-section-height-default\" data-id=\"135fb67\" data-element_type=\"section\" data-e-type=\"section\">\n\t\t\t\t\t\t<div class=\"elementor-container elementor-column-gap-default\">\n\t\t\t\t\t<div class=\"elementor-column elementor-col-25 elementor-inner-column elementor-element elementor-element-cb434e5\" data-id=\"cb434e5\" data-element_type=\"column\" data-e-type=\"column\">\n\t\t\t<div class=\"elementor-widget-wrap elementor-element-populated\">\n\t\t\t\t\t\t<div class=\"elementor-element elementor-element-05320ea elementor-widget elementor-widget-heading\" data-id=\"05320ea\" data-element_type=\"widget\" data-e-type=\"widget\" data-widget_type=\"heading.default\">\n\t\t\t\t<div class=\"elementor-widget-container\">\n\t\t\t\t\t<h3 class=\"elementor-heading-title elementor-size-default\">Danilo Schiara<\/h3>\t\t\t\t<\/div>\n\t\t\t\t<\/div>\n\t\t\t\t<div class=\"elementor-element elementor-element-eabc74e elementor-widget elementor-widget-image\" data-id=\"eabc74e\" data-element_type=\"widget\" data-e-type=\"widget\" data-widget_type=\"image.default\">\n\t\t\t\t<div class=\"elementor-widget-container\">\n\t\t\t\t\t\t\t\t\t\t\t\t\t\t\t<img fetchpriority=\"high\" decoding=\"async\" width=\"600\" height=\"600\" src=\"https:\/\/www.elegos.it\/sito\/wp-content\/uploads\/2026\/03\/danilo-schiara.jpg\" class=\"attachment-large size-large wp-image-6303\" alt=\"\" srcset=\"https:\/\/www.elegos.it\/sito\/wp-content\/uploads\/2026\/03\/danilo-schiara.jpg 600w, https:\/\/www.elegos.it\/sito\/wp-content\/uploads\/2026\/03\/danilo-schiara-300x300.jpg 300w, https:\/\/www.elegos.it\/sito\/wp-content\/uploads\/2026\/03\/danilo-schiara-150x150.jpg 150w\" sizes=\"(max-width: 600px) 100vw, 600px\" \/>\t\t\t\t\t\t\t\t\t\t\t\t\t\t\t<\/div>\n\t\t\t\t<\/div>\n\t\t\t\t<div class=\"elementor-element elementor-element-0da2715 elementor-widget elementor-widget-text-editor\" data-id=\"0da2715\" data-element_type=\"widget\" data-e-type=\"widget\" data-widget_type=\"text-editor.default\">\n\t\t\t\t<div class=\"elementor-widget-container\">\n\t\t\t\t\t\t\t\t\t<p>Affianca imprese e imprenditori nella lettura dei dati economico-finanziari, nella costruzione di assetti adeguati e nell\u2019individuazione preventiva dei segnali di rischio.<\/p><p>In Elegos contribuisce allo sviluppo del metodo di analisi e degli strumenti tecnologici a supporto della valutazione aziendale, integrando governance, controllo di gestione e sostenibilit\u00e0 ESG. Il suo approccio unisce rigore professionale, visione operativa e attenzione alla continuit\u00e0 dell\u2019impresa, trasformando informazioni complesse in indicazioni chiare e utili alle decisioni.<\/p>\t\t\t\t\t\t\t\t<\/div>\n\t\t\t\t<\/div>\n\t\t\t\t\t<\/div>\n\t\t<\/div>\n\t\t\t\t<div class=\"elementor-column elementor-col-25 elementor-inner-column elementor-element elementor-element-8abfad1\" data-id=\"8abfad1\" data-element_type=\"column\" data-e-type=\"column\">\n\t\t\t<div class=\"elementor-widget-wrap elementor-element-populated\">\n\t\t\t\t\t\t<div class=\"elementor-element elementor-element-e3ebf02 elementor-widget elementor-widget-heading\" data-id=\"e3ebf02\" data-element_type=\"widget\" data-e-type=\"widget\" data-widget_type=\"heading.default\">\n\t\t\t\t<div class=\"elementor-widget-container\">\n\t\t\t\t\t<h3 class=\"elementor-heading-title elementor-size-default\">Andrea Alderighi<\/h3>\t\t\t\t<\/div>\n\t\t\t\t<\/div>\n\t\t\t\t<div class=\"elementor-element elementor-element-dfa4e5d elementor-widget elementor-widget-image\" data-id=\"dfa4e5d\" data-element_type=\"widget\" data-e-type=\"widget\" data-widget_type=\"image.default\">\n\t\t\t\t<div class=\"elementor-widget-container\">\n\t\t\t\t\t\t\t\t\t\t\t\t\t\t\t<img decoding=\"async\" width=\"600\" height=\"600\" src=\"https:\/\/www.elegos.it\/sito\/wp-content\/uploads\/2026\/03\/andrea-alderighi.jpg\" class=\"attachment-large size-large wp-image-6301\" alt=\"\" srcset=\"https:\/\/www.elegos.it\/sito\/wp-content\/uploads\/2026\/03\/andrea-alderighi.jpg 600w, https:\/\/www.elegos.it\/sito\/wp-content\/uploads\/2026\/03\/andrea-alderighi-300x300.jpg 300w, https:\/\/www.elegos.it\/sito\/wp-content\/uploads\/2026\/03\/andrea-alderighi-150x150.jpg 150w\" sizes=\"(max-width: 600px) 100vw, 600px\" \/>\t\t\t\t\t\t\t\t\t\t\t\t\t\t\t<\/div>\n\t\t\t\t<\/div>\n\t\t\t\t<div class=\"elementor-element elementor-element-b94df4f elementor-widget elementor-widget-text-editor\" data-id=\"b94df4f\" data-element_type=\"widget\" data-e-type=\"widget\" data-widget_type=\"text-editor.default\">\n\t\t\t\t<div class=\"elementor-widget-container\">\n\t\t\t\t\t\t\t\t\t<p>Affianca imprese e imprenditori nell\u2019analisi aziendale e nella definizione di assetti adeguati, aiutandoli a leggere i dati economico-finanziari e a trasformarli in decisioni pi\u00f9 chiare e sostenibili.<\/p><p>In Elegos contribuisce a costruire percorsi operativi che uniscono competenza tecnica, visione d\u2019impresa e attenzione alla continuit\u00e0 aziendale. Il suo approccio \u00e8 orientato alla chiarezza, alla sostenibilit\u00e0 delle decisioni e alla continuit\u00e0 aziendale, con una particolare attenzione agli strumenti che aiutano le imprese a governare il presente e preparare la crescita.<\/p>\t\t\t\t\t\t\t\t<\/div>\n\t\t\t\t<\/div>\n\t\t\t\t\t<\/div>\n\t\t<\/div>\n\t\t\t\t<div class=\"elementor-column elementor-col-25 elementor-inner-column elementor-element elementor-element-8d7f497\" data-id=\"8d7f497\" data-element_type=\"column\" data-e-type=\"column\">\n\t\t\t<div class=\"elementor-widget-wrap elementor-element-populated\">\n\t\t\t\t\t\t<div class=\"elementor-element elementor-element-58c8fca elementor-widget elementor-widget-heading\" data-id=\"58c8fca\" data-element_type=\"widget\" data-e-type=\"widget\" data-widget_type=\"heading.default\">\n\t\t\t\t<div class=\"elementor-widget-container\">\n\t\t\t\t\t<h3 class=\"elementor-heading-title elementor-size-default\">Pietro Corbino<\/h3>\t\t\t\t<\/div>\n\t\t\t\t<\/div>\n\t\t\t\t<div class=\"elementor-element elementor-element-d46bbf7 elementor-widget elementor-widget-image\" data-id=\"d46bbf7\" data-element_type=\"widget\" data-e-type=\"widget\" data-widget_type=\"image.default\">\n\t\t\t\t<div class=\"elementor-widget-container\">\n\t\t\t\t\t\t\t\t\t\t\t\t\t\t\t<img decoding=\"async\" width=\"600\" height=\"600\" src=\"https:\/\/www.elegos.it\/sito\/wp-content\/uploads\/2026\/03\/pietro-corbino.jpg\" class=\"attachment-large size-large wp-image-6304\" alt=\"\" srcset=\"https:\/\/www.elegos.it\/sito\/wp-content\/uploads\/2026\/03\/pietro-corbino.jpg 600w, https:\/\/www.elegos.it\/sito\/wp-content\/uploads\/2026\/03\/pietro-corbino-300x300.jpg 300w, https:\/\/www.elegos.it\/sito\/wp-content\/uploads\/2026\/03\/pietro-corbino-150x150.jpg 150w\" sizes=\"(max-width: 600px) 100vw, 600px\" \/>\t\t\t\t\t\t\t\t\t\t\t\t\t\t\t<\/div>\n\t\t\t\t<\/div>\n\t\t\t\t<div class=\"elementor-element elementor-element-3576171 elementor-widget elementor-widget-text-editor\" data-id=\"3576171\" data-element_type=\"widget\" data-e-type=\"widget\" data-widget_type=\"text-editor.default\">\n\t\t\t\t<div class=\"elementor-widget-container\">\n\t\t\t\t\t\t\t\t\t<p>Affianca le imprese nella gestione della compliance e nella lettura dei rischi, aiutandole a trasformare obblighi normativi e complessit\u00e0 organizzative in processi pi\u00f9 chiari e governabili.<\/p><p>In Elegos contribuisce a costruire percorsi in cui adempimenti, responsabilit\u00e0 e strumenti operativi diventano parte di una gestione pi\u00f9 consapevole, misurabile e orientata alla continuit\u00e0 aziendale. Il suo approccio combina pragmatismo, sensibilit\u00e0 commerciale e attenzione concreta all\u2019efficacia delle soluzioni.<\/p>\t\t\t\t\t\t\t\t<\/div>\n\t\t\t\t<\/div>\n\t\t\t\t\t<\/div>\n\t\t<\/div>\n\t\t\t\t<div class=\"elementor-column elementor-col-25 elementor-inner-column elementor-element elementor-element-c559096\" data-id=\"c559096\" data-element_type=\"column\" data-e-type=\"column\">\n\t\t\t<div class=\"elementor-widget-wrap elementor-element-populated\">\n\t\t\t\t\t\t<div class=\"elementor-element elementor-element-ed5dbb5 elementor-widget elementor-widget-heading\" data-id=\"ed5dbb5\" data-element_type=\"widget\" data-e-type=\"widget\" data-widget_type=\"heading.default\">\n\t\t\t\t<div class=\"elementor-widget-container\">\n\t\t\t\t\t<h3 class=\"elementor-heading-title elementor-size-default\">Andrea Carpi<\/h3>\t\t\t\t<\/div>\n\t\t\t\t<\/div>\n\t\t\t\t<div class=\"elementor-element elementor-element-61253fd elementor-widget elementor-widget-image\" data-id=\"61253fd\" data-element_type=\"widget\" data-e-type=\"widget\" data-widget_type=\"image.default\">\n\t\t\t\t<div class=\"elementor-widget-container\">\n\t\t\t\t\t\t\t\t\t\t\t\t\t\t\t<img loading=\"lazy\" decoding=\"async\" width=\"600\" height=\"600\" src=\"https:\/\/www.elegos.it\/sito\/wp-content\/uploads\/2026\/03\/andrea-carpi.jpg\" class=\"attachment-large size-large wp-image-6302\" alt=\"\" srcset=\"https:\/\/www.elegos.it\/sito\/wp-content\/uploads\/2026\/03\/andrea-carpi.jpg 600w, https:\/\/www.elegos.it\/sito\/wp-content\/uploads\/2026\/03\/andrea-carpi-300x300.jpg 300w, https:\/\/www.elegos.it\/sito\/wp-content\/uploads\/2026\/03\/andrea-carpi-150x150.jpg 150w\" sizes=\"(max-width: 600px) 100vw, 600px\" \/>\t\t\t\t\t\t\t\t\t\t\t\t\t\t\t<\/div>\n\t\t\t\t<\/div>\n\t\t\t\t<div class=\"elementor-element elementor-element-5b9d65d elementor-widget elementor-widget-text-editor\" data-id=\"5b9d65d\" data-element_type=\"widget\" data-e-type=\"widget\" data-widget_type=\"text-editor.default\">\n\t\t\t\t<div class=\"elementor-widget-container\">\n\t\t\t\t\t\t\t\t\t<p>Aiuta imprese e organizzazioni a rendere pi\u00f9 chiari il proprio posizionamento, i messaggi e gli strumenti con cui si presentano al mercato.<\/p><p>In Elegos porta la competenza in comunicazione e marketing all\u2019interno di un approccio integrato, in cui la comunicazione non \u00e8 un elemento separato, ma parte della qualit\u00e0 complessiva dell\u2019impresa e della coerenza tra identit\u00e0, governance e sviluppo commerciale. Il suo approccio unisce visione strategica, capacit\u00e0 di sintesi e attenzione operativa.<\/p>\t\t\t\t\t\t\t\t<\/div>\n\t\t\t\t<\/div>\n\t\t\t\t\t<\/div>\n\t\t<\/div>\n\t\t\t\t\t<\/div>\n\t\t<\/section>\n\t\t\t\t\t<\/div>\n\t\t<\/div>\n\t\t\t\t\t<\/div>\n\t\t<\/section>\n\t\t\t\t<\/div>\n\t\t","protected":false},"excerpt":{"rendered":"<p>Elegos \u00e8 una rete di professionisti che aiuta imprese, imprenditori e management a leggere meglio i rischi, rafforzare gli assetti e costruire continuit\u00e0 nel tempo. Elegos nasce dall\u2019incontro di competenze multidisciplinari che lavorano in modo coordinato su temi che, nelle imprese, vengono troppo spesso affrontati separatamente. Adeguati assetti, ESG, controllo di gestione, governance, compliance e [&hellip;]<\/p>\n","protected":false},"author":1,"featured_media":0,"parent":0,"menu_order":0,"comment_status":"closed","ping_status":"closed","template":"","meta":{"footnotes":""},"class_list":["post-6029","page","type-page","status-publish","hentry"],"_links":{"self":[{"href":"https:\/\/www.elegos.it\/sito\/wp-json\/wp\/v2\/pages\/6029","targetHints":{"allow":["GET"]}}],"collection":[{"href":"https:\/\/www.elegos.it\/sito\/wp-json\/wp\/v2\/pages"}],"about":[{"href":"https:\/\/www.elegos.it\/sito\/wp-json\/wp\/v2\/types\/page"}],"author":[{"embeddable":true,"href":"https:\/\/www.elegos.it\/sito\/wp-json\/wp\/v2\/users\/1"}],"replies":[{"embeddable":true,"href":"https:\/\/www.elegos.it\/sito\/wp-json\/wp\/v2\/comments?post=6029"}],"version-history":[{"count":22,"href":"https:\/\/www.elegos.it\/sito\/wp-json\/wp\/v2\/pages\/6029\/revisions"}],"predecessor-version":[{"id":6307,"href":"https:\/\/www.elegos.it\/sito\/wp-json\/wp\/v2\/pages\/6029\/revisions\/6307"}],"wp:attachment":[{"href":"https:\/\/www.elegos.it\/sito\/wp-json\/wp\/v2\/media?parent=6029"}],"curies":[{"name":"wp","href":"https:\/\/api.w.org\/{rel}","templated":true}]}}