{"id":6031,"date":"2026-03-15T10:48:05","date_gmt":"2026-03-15T10:48:05","guid":{"rendered":"https:\/\/www.elegos.it\/sito\/?page_id=6031"},"modified":"2026-03-15T15:04:05","modified_gmt":"2026-03-15T15:04:05","slug":"cosa-facciamo","status":"publish","type":"page","link":"https:\/\/www.elegos.it\/sito\/cosa-facciamo\/","title":{"rendered":"Cosa facciamo"},"content":{"rendered":"\t\t<div data-elementor-type=\"wp-page\" data-elementor-id=\"6031\" class=\"elementor elementor-6031\" data-elementor-post-type=\"page\">\n\t\t\t\t\t\t<section class=\"elementor-section elementor-top-section elementor-element elementor-element-34d4b81 elementor-section-boxed elementor-section-height-default elementor-section-height-default\" data-id=\"34d4b81\" data-element_type=\"section\" data-e-type=\"section\">\n\t\t\t\t\t\t<div class=\"elementor-container elementor-column-gap-default\">\n\t\t\t\t\t<div class=\"elementor-column elementor-col-100 elementor-top-column elementor-element elementor-element-018ce79\" data-id=\"018ce79\" data-element_type=\"column\" data-e-type=\"column\">\n\t\t\t<div class=\"elementor-widget-wrap elementor-element-populated\">\n\t\t\t\t\t\t<div class=\"elementor-element elementor-element-a3bd2e4 elementor-widget elementor-widget-text-editor\" data-id=\"a3bd2e4\" data-element_type=\"widget\" data-e-type=\"widget\" data-widget_type=\"text-editor.default\">\n\t\t\t\t<div class=\"elementor-widget-container\">\n\t\t\t\t\t\t\t\t\t<p data-start=\"118\" data-end=\"292\">Affianchiamo imprese e startup nei temi che incidono sulla loro <strong data-start=\"1096\" data-end=\"1109\">struttura<\/strong>, sulla loro <strong data-start=\"1122\" data-end=\"1139\">governabilit\u00e0<\/strong> e sulla loro <strong data-start=\"1153\" data-end=\"1167\">continuit\u00e0<\/strong>, integrando competenze diverse in un lavoro coerente con la realt\u00e0 aziendale.<\/p><p data-start=\"118\" data-end=\"292\">Adeguati assetti, ESG, controllo di gestione, governance e comunicazione non sono ambiti isolati. Nella vita dell\u2019impresa incidono sugli stessi equilibri e richiedono una <strong data-start=\"1704\" data-end=\"1725\">lettura integrata<\/strong>, capace di tradurre complessit\u00e0 e adempimenti in <strong data-start=\"1775\" data-end=\"1794\">priorit\u00e0 chiare<\/strong>, <strong data-start=\"1796\" data-end=\"1818\">azioni sostenibili<\/strong> e <strong data-start=\"1821\" data-end=\"1845\">decisioni pi\u00f9 solide<\/strong>.<\/p>\t\t\t\t\t\t\t\t<\/div>\n\t\t\t\t<\/div>\n\t\t\t\t<section class=\"elementor-section elementor-inner-section elementor-element elementor-element-1a4aa2e elementor-section-boxed elementor-section-height-default elementor-section-height-default\" data-id=\"1a4aa2e\" data-element_type=\"section\" data-e-type=\"section\">\n\t\t\t\t\t\t<div class=\"elementor-container elementor-column-gap-default\">\n\t\t\t\t\t<div class=\"elementor-column elementor-col-50 elementor-inner-column elementor-element elementor-element-7025a49\" data-id=\"7025a49\" data-element_type=\"column\" data-e-type=\"column\">\n\t\t\t<div class=\"elementor-widget-wrap elementor-element-populated\">\n\t\t\t\t\t\t<div class=\"elementor-element elementor-element-114e238 elementor-widget elementor-widget-heading\" data-id=\"114e238\" data-element_type=\"widget\" data-e-type=\"widget\" data-widget_type=\"heading.default\">\n\t\t\t\t<div class=\"elementor-widget-container\">\n\t\t\t\t\t<h2 class=\"elementor-heading-title elementor-size-default\">PMI<\/h2>\t\t\t\t<\/div>\n\t\t\t\t<\/div>\n\t\t\t\t<div class=\"elementor-element elementor-element-4477f0f elementor-widget elementor-widget-text-editor\" data-id=\"4477f0f\" data-element_type=\"widget\" data-e-type=\"widget\" data-widget_type=\"text-editor.default\">\n\t\t\t\t<div class=\"elementor-widget-container\">\n\t\t\t\t\t\t\t\t\t<p data-start=\"532\" data-end=\"708\">Affianchiamo propriet\u00e0 e management per fare chiarezza, ridurre i rischi e trasformare adempimenti e complessit\u00e0 in un percorso pi\u00f9 governabile. Partiamo da una fotografia oggettiva della situazione e costruiamo un lavoro operativo con <strong data-start=\"2266\" data-end=\"2285\">priorit\u00e0 chiare<\/strong>, <strong data-start=\"2287\" data-end=\"2314\">responsabilit\u00e0 definite<\/strong> e indicatori che aiutano a misurare i progressi. Manteniamo allineate <strong data-start=\"2385\" data-end=\"2407\">governance interna<\/strong> e <strong data-start=\"2410\" data-end=\"2435\">comunicazione esterna<\/strong>.<\/p>\t\t\t\t\t\t\t\t<\/div>\n\t\t\t\t<\/div>\n\t\t\t\t<div class=\"elementor-element elementor-element-be9fe27 elementor-widget elementor-widget-heading\" data-id=\"be9fe27\" data-element_type=\"widget\" data-e-type=\"widget\" data-widget_type=\"heading.default\">\n\t\t\t\t<div class=\"elementor-widget-container\">\n\t\t\t\t\t<h6 class=\"elementor-heading-title elementor-size-default\">In concreto interveniamo su:<\/h6>\t\t\t\t<\/div>\n\t\t\t\t<\/div>\n\t\t\t\t<div class=\"elementor-element elementor-element-fcfe7df elementor-widget elementor-widget-text-editor\" data-id=\"fcfe7df\" data-element_type=\"widget\" data-e-type=\"widget\" data-widget_type=\"text-editor.default\">\n\t\t\t\t<div class=\"elementor-widget-container\">\n\t\t\t\t\t\t\t\t\t<ul><li data-section-id=\"16gbioi\" data-start=\"2505\" data-end=\"2728\"><p data-start=\"2507\" data-end=\"2728\"><strong data-start=\"2507\" data-end=\"2521\">Assessment<\/strong> della situazione economica, patrimoniale, gestionale, di compliance e di comunicazione, con score, semafori, evidenze e roadmap.<\/p><\/li><li data-section-id=\"1f7w1id\" data-start=\"2729\" data-end=\"2869\"><p data-start=\"2731\" data-end=\"2869\"><strong data-start=\"2731\" data-end=\"2784\">Assetti organizzativi, amministrativi e contabili<\/strong>, con ruoli, processi e pres\u00ecdi pi\u00f9 chiari.<\/p><\/li><li data-section-id=\"nalchh\" data-start=\"2870\" data-end=\"3052\"><p data-start=\"2872\" data-end=\"3052\"><strong data-start=\"2872\" data-end=\"2926\">Controllo di gestione e pianificazione finanziaria<\/strong>, con KPI, budget, forecast, early warning e attenzione a liquidit\u00e0 e sostenibilit\u00e0.<\/p><\/li><li data-section-id=\"1qtzohu\" data-start=\"3053\" data-end=\"3205\"><p data-start=\"3055\" data-end=\"3205\"><strong data-start=\"3055\" data-end=\"3100\">Mappatura dei rischi e pres\u00ecdi essenziali<\/strong>, per rendere pi\u00f9 leggibili decisioni, deleghe e tracciabilit\u00e0.<\/p><\/li><li data-section-id=\"1aiv3qg\" data-start=\"3206\" data-end=\"3355\"><p data-start=\"3208\" data-end=\"3355\"><strong data-start=\"3208\" data-end=\"3240\">Formazione e accompagnamento<\/strong>, per fare in modo che assetti e strumenti vengano davvero usati nel tempo.<\/p><\/li><\/ul>\t\t\t\t\t\t\t\t<\/div>\n\t\t\t\t<\/div>\n\t\t\t\t\t<\/div>\n\t\t<\/div>\n\t\t\t\t<div class=\"elementor-column elementor-col-50 elementor-inner-column elementor-element elementor-element-5e8d2cb\" data-id=\"5e8d2cb\" data-element_type=\"column\" data-e-type=\"column\">\n\t\t\t<div class=\"elementor-widget-wrap elementor-element-populated\">\n\t\t\t\t\t\t<div class=\"elementor-element elementor-element-315addc elementor-widget elementor-widget-heading\" data-id=\"315addc\" data-element_type=\"widget\" data-e-type=\"widget\" data-widget_type=\"heading.default\">\n\t\t\t\t<div class=\"elementor-widget-container\">\n\t\t\t\t\t<h2 class=\"elementor-heading-title elementor-size-default\">Startup<\/h2>\t\t\t\t<\/div>\n\t\t\t\t<\/div>\n\t\t\t\t<div class=\"elementor-element elementor-element-08e8215 elementor-widget elementor-widget-text-editor\" data-id=\"08e8215\" data-element_type=\"widget\" data-e-type=\"widget\" data-widget_type=\"text-editor.default\">\n\t\t\t\t<div class=\"elementor-widget-container\">\n\t\t\t\t\t\t\t\t\t<p data-start=\"1297\" data-end=\"1505\">Lavoriamo con startup che devono impostare bene fin dall\u2019inizio <strong data-start=\"3443\" data-end=\"3456\">struttura<\/strong>, <strong data-start=\"3458\" data-end=\"3471\">controllo<\/strong> e <strong data-start=\"3474\" data-end=\"3496\">pres\u00ecdi essenziali<\/strong>, per crescere in modo ordinato e arrivare pi\u00f9 preparate al mercato, ai partner e agli investitori. L\u2019obiettivo \u00e8 evitare errori costosi, mettere sotto controllo i fondamentali e costruire da subito una base pi\u00f9 solida per lo sviluppo.<\/p>\t\t\t\t\t\t\t\t<\/div>\n\t\t\t\t<\/div>\n\t\t\t\t<div class=\"elementor-element elementor-element-aafa039 elementor-widget elementor-widget-heading\" data-id=\"aafa039\" data-element_type=\"widget\" data-e-type=\"widget\" data-widget_type=\"heading.default\">\n\t\t\t\t<div class=\"elementor-widget-container\">\n\t\t\t\t\t<h6 class=\"elementor-heading-title elementor-size-default\">In concreto interveniamo su:<\/h6>\t\t\t\t<\/div>\n\t\t\t\t<\/div>\n\t\t\t\t<div class=\"elementor-element elementor-element-f43a283 elementor-widget elementor-widget-text-editor\" data-id=\"f43a283\" data-element_type=\"widget\" data-e-type=\"widget\" data-widget_type=\"text-editor.default\">\n\t\t\t\t<div class=\"elementor-widget-container\">\n\t\t\t\t\t\t\t\t\t<ul><li data-section-id=\"acheap\" data-start=\"3842\" data-end=\"3971\"><p data-start=\"3844\" data-end=\"3971\"><strong data-start=\"3844\" data-end=\"3862\">Assetti minimi<\/strong>, con organizzazione, procedure essenziali e responsabilit\u00e0 chiare.<\/p><\/li><li data-section-id=\"or7ij9\" data-start=\"3972\" data-end=\"4107\"><p data-start=\"3974\" data-end=\"4107\"><strong data-start=\"3974\" data-end=\"4005\">Controllo di gestione light<\/strong>, con costi, ricavi, cassa, unit economics e KPI essenziali.<\/p><\/li><li data-section-id=\"1aptamh\" data-start=\"4108\" data-end=\"4243\"><p data-start=\"4110\" data-end=\"4243\"><strong data-start=\"4110\" data-end=\"4169\">Compliance di base e risk check proporzionati alla fase<\/strong>, senza appesantire la crescita.<\/p><\/li><li data-section-id=\"8qay0w\" data-start=\"4244\" data-end=\"4355\"><p data-start=\"4246\" data-end=\"4355\"><strong data-start=\"4246\" data-end=\"4268\">Investor readiness<\/strong>, con dati, metriche e storytelling coerente.<\/p><\/li><li data-section-id=\"1cwdajg\" data-start=\"4356\" data-end=\"4478\"><p data-start=\"4358\" data-end=\"4478\"><strong data-start=\"4358\" data-end=\"4393\">Brand e comunicazione allineati<\/strong> a prodotto, mercato e obiettivi commerciali.<\/p><\/li><\/ul>\t\t\t\t\t\t\t\t<\/div>\n\t\t\t\t<\/div>\n\t\t\t\t\t<\/div>\n\t\t<\/div>\n\t\t\t\t\t<\/div>\n\t\t<\/section>\n\t\t\t\t\t<\/div>\n\t\t<\/div>\n\t\t\t\t\t<\/div>\n\t\t<\/section>\n\t\t\t\t<section class=\"elementor-section elementor-top-section elementor-element elementor-element-efa17b6 elementor-section-boxed elementor-section-height-default elementor-section-height-default\" data-id=\"efa17b6\" data-element_type=\"section\" data-e-type=\"section\">\n\t\t\t\t\t\t<div class=\"elementor-container elementor-column-gap-default\">\n\t\t\t\t\t<div class=\"elementor-column elementor-col-100 elementor-top-column elementor-element elementor-element-149af7b\" data-id=\"149af7b\" data-element_type=\"column\" data-e-type=\"column\">\n\t\t\t<div class=\"elementor-widget-wrap elementor-element-populated\">\n\t\t\t\t\t\t<div class=\"elementor-element elementor-element-f2f1079 elementor-widget elementor-widget-heading\" data-id=\"f2f1079\" data-element_type=\"widget\" data-e-type=\"widget\" data-widget_type=\"heading.default\">\n\t\t\t\t<div class=\"elementor-widget-container\">\n\t\t\t\t\t<h4 class=\"elementor-heading-title elementor-size-default\">Una lettura integrata<\/h4>\t\t\t\t<\/div>\n\t\t\t\t<\/div>\n\t\t\t\t<div class=\"elementor-element elementor-element-476060e elementor-widget elementor-widget-text-editor\" data-id=\"476060e\" data-element_type=\"widget\" data-e-type=\"widget\" data-widget_type=\"text-editor.default\">\n\t\t\t\t<div class=\"elementor-widget-container\">\n\t\t\t\t\t\t\t\t\t<p data-start=\"2000\" data-end=\"2184\">Il tratto distintivo di Elegos non \u00e8 nel proporre tanti servizi diversi, ma nel <strong data-start=\"4589\" data-end=\"4653\">tenere insieme ci\u00f2 che spesso viene affrontato separatamente<\/strong>.<br \/>L\u2019assetto abilita misurazione e governo. Il controllo di gestione rende la crescita monitorabile. L\u2019ESG consolida credibilit\u00e0 verso banche, filiere e stakeholder. \u00c8 questa integrazione che permette di trasformare obblighi e complessit\u00e0 in <strong data-start=\"4896\" data-end=\"4918\">maggiore controllo<\/strong>, <strong data-start=\"4920\" data-end=\"4943\">maggiore continuit\u00e0<\/strong> e <strong data-start=\"4946\" data-end=\"4979\">maggiore capacit\u00e0 decisionale<\/strong>.<\/p>\t\t\t\t\t\t\t\t<\/div>\n\t\t\t\t<\/div>\n\t\t\t\t\t<\/div>\n\t\t<\/div>\n\t\t\t\t\t<\/div>\n\t\t<\/section>\n\t\t\t\t<section class=\"elementor-section elementor-top-section elementor-element elementor-element-0e63c96 elementor-section-boxed elementor-section-height-default elementor-section-height-default\" data-id=\"0e63c96\" data-element_type=\"section\" data-e-type=\"section\">\n\t\t\t\t\t\t<div class=\"elementor-container elementor-column-gap-default\">\n\t\t\t\t\t<div class=\"elementor-column elementor-col-100 elementor-top-column elementor-element elementor-element-1baf5dd\" data-id=\"1baf5dd\" data-element_type=\"column\" data-e-type=\"column\">\n\t\t\t<div class=\"elementor-widget-wrap elementor-element-populated\">\n\t\t\t\t\t\t<section class=\"elementor-section elementor-inner-section elementor-element elementor-element-52f8ef1 elementor-section-boxed elementor-section-height-default elementor-section-height-default\" data-id=\"52f8ef1\" data-element_type=\"section\" data-e-type=\"section\" data-settings=\"{&quot;background_background&quot;:&quot;classic&quot;}\">\n\t\t\t\t\t\t<div class=\"elementor-container elementor-column-gap-default\">\n\t\t\t\t\t<div class=\"elementor-column elementor-col-100 elementor-inner-column elementor-element elementor-element-9b7c85a\" data-id=\"9b7c85a\" data-element_type=\"column\" data-e-type=\"column\">\n\t\t\t<div class=\"elementor-widget-wrap elementor-element-populated\">\n\t\t\t\t\t\t<div class=\"elementor-element elementor-element-7984a9e elementor-widget elementor-widget-heading\" data-id=\"7984a9e\" data-element_type=\"widget\" data-e-type=\"widget\" data-widget_type=\"heading.default\">\n\t\t\t\t<div class=\"elementor-widget-container\">\n\t\t\t\t\t<h4 class=\"elementor-heading-title elementor-size-default\">Vuoi capire quali aree hanno pi\u00f9 priorit\u00e0 per la tua impresa?<\/h4>\t\t\t\t<\/div>\n\t\t\t\t<\/div>\n\t\t\t\t<div class=\"elementor-element elementor-element-2155c88 elementor-widget elementor-widget-text-editor\" data-id=\"2155c88\" data-element_type=\"widget\" data-e-type=\"widget\" data-widget_type=\"text-editor.default\">\n\t\t\t\t<div class=\"elementor-widget-container\">\n\t\t\t\t\t\t\t\t\t<p>Un primo confronto strutturato per mettere a fuoco assetti, rischi e priorit\u00e0 con maggiore consapevolezza.<\/p>\t\t\t\t\t\t\t\t<\/div>\n\t\t\t\t<\/div>\n\t\t\t\t<div class=\"elementor-element elementor-element-0bf22bc elementor-mobile-align-center elementor-align-center elementor-widget elementor-widget-button\" data-id=\"0bf22bc\" data-element_type=\"widget\" data-e-type=\"widget\" data-widget_type=\"button.default\">\n\t\t\t\t<div class=\"elementor-widget-container\">\n\t\t\t\t\t\t\t\t\t<div class=\"elementor-button-wrapper\">\n\t\t\t\t\t<a class=\"elementor-button elementor-button-link elementor-size-sm\" href=\"#\">\n\t\t\t\t\t\t<span class=\"elementor-button-content-wrapper\">\n\t\t\t\t\t\t\t\t\t<span class=\"elementor-button-text\">Prenota una valutazione preliminare<\/span>\n\t\t\t\t\t<\/span>\n\t\t\t\t\t<\/a>\n\t\t\t\t<\/div>\n\t\t\t\t\t\t\t\t<\/div>\n\t\t\t\t<\/div>\n\t\t\t\t\t<\/div>\n\t\t<\/div>\n\t\t\t\t\t<\/div>\n\t\t<\/section>\n\t\t\t\t\t<\/div>\n\t\t<\/div>\n\t\t\t\t\t<\/div>\n\t\t<\/section>\n\t\t\t\t<\/div>\n\t\t","protected":false},"excerpt":{"rendered":"<p>Affianchiamo imprese e startup nei temi che incidono sulla loro struttura, sulla loro governabilit\u00e0 e sulla loro continuit\u00e0, integrando competenze diverse in un lavoro coerente con la realt\u00e0 aziendale. Adeguati assetti, ESG, controllo di gestione, governance e comunicazione non sono ambiti isolati. Nella vita dell\u2019impresa incidono sugli stessi equilibri e richiedono una lettura integrata, capace [&hellip;]<\/p>\n","protected":false},"author":1,"featured_media":0,"parent":0,"menu_order":0,"comment_status":"closed","ping_status":"closed","template":"","meta":{"footnotes":""},"class_list":["post-6031","page","type-page","status-publish","hentry"],"_links":{"self":[{"href":"https:\/\/www.elegos.it\/sito\/wp-json\/wp\/v2\/pages\/6031","targetHints":{"allow":["GET"]}}],"collection":[{"href":"https:\/\/www.elegos.it\/sito\/wp-json\/wp\/v2\/pages"}],"about":[{"href":"https:\/\/www.elegos.it\/sito\/wp-json\/wp\/v2\/types\/page"}],"author":[{"embeddable":true,"href":"https:\/\/www.elegos.it\/sito\/wp-json\/wp\/v2\/users\/1"}],"replies":[{"embeddable":true,"href":"https:\/\/www.elegos.it\/sito\/wp-json\/wp\/v2\/comments?post=6031"}],"version-history":[{"count":5,"href":"https:\/\/www.elegos.it\/sito\/wp-json\/wp\/v2\/pages\/6031\/revisions"}],"predecessor-version":[{"id":6269,"href":"https:\/\/www.elegos.it\/sito\/wp-json\/wp\/v2\/pages\/6031\/revisions\/6269"}],"wp:attachment":[{"href":"https:\/\/www.elegos.it\/sito\/wp-json\/wp\/v2\/media?parent=6031"}],"curies":[{"name":"wp","href":"https:\/\/api.w.org\/{rel}","templated":true}]}}