{"id":6033,"date":"2026-03-15T10:49:22","date_gmt":"2026-03-15T10:49:22","guid":{"rendered":"https:\/\/www.elegos.it\/sito\/?page_id=6033"},"modified":"2026-03-15T15:13:56","modified_gmt":"2026-03-15T15:13:56","slug":"come-lavoriamo","status":"publish","type":"page","link":"https:\/\/www.elegos.it\/sito\/come-lavoriamo\/","title":{"rendered":"Come lavoriamo"},"content":{"rendered":"\t\t<div data-elementor-type=\"wp-page\" data-elementor-id=\"6033\" class=\"elementor elementor-6033\" data-elementor-post-type=\"page\">\n\t\t\t\t\t\t<section class=\"elementor-section elementor-top-section elementor-element elementor-element-b923253 elementor-section-boxed elementor-section-height-default elementor-section-height-default\" data-id=\"b923253\" data-element_type=\"section\" data-e-type=\"section\">\n\t\t\t\t\t\t<div class=\"elementor-container elementor-column-gap-default\">\n\t\t\t\t\t<div class=\"elementor-column elementor-col-100 elementor-top-column elementor-element elementor-element-5eec397\" data-id=\"5eec397\" data-element_type=\"column\" data-e-type=\"column\">\n\t\t\t<div class=\"elementor-widget-wrap elementor-element-populated\">\n\t\t\t\t\t\t<div class=\"elementor-element elementor-element-6185058 elementor-widget elementor-widget-text-editor\" data-id=\"6185058\" data-element_type=\"widget\" data-e-type=\"widget\" data-widget_type=\"text-editor.default\">\n\t\t\t\t<div class=\"elementor-widget-container\">\n\t\t\t\t\t\t\t\t\t<p data-start=\"63\" data-end=\"276\">Il lavoro con Elegos prende forma in modo <strong data-start=\"105\" data-end=\"120\">progressivo<\/strong> e <strong data-start=\"123\" data-end=\"136\">su misura<\/strong>: parte da una prima lettura, pu\u00f2 svilupparsi in un approfondimento strutturato e, quando serve, proseguire in un accompagnamento nel tempo.<\/p><p data-start=\"292\" data-end=\"507\">Ogni impresa ha esigenze diverse. Per questo Elegos mette in campo una <strong data-start=\"363\" data-end=\"385\">rete di competenze<\/strong> che si attiva in modo progressivo, costruendo <strong data-start=\"432\" data-end=\"454\">percorsi su misura<\/strong> in base al contesto, agli obiettivi e alle priorit\u00e0.<\/p>\t\t\t\t\t\t\t\t<\/div>\n\t\t\t\t<\/div>\n\t\t\t\t\t<\/div>\n\t\t<\/div>\n\t\t\t\t\t<\/div>\n\t\t<\/section>\n\t\t\t\t<section class=\"elementor-section elementor-top-section elementor-element elementor-element-8ee0382 elementor-section-boxed elementor-section-height-default elementor-section-height-default\" data-id=\"8ee0382\" data-element_type=\"section\" data-e-type=\"section\">\n\t\t\t\t\t\t<div class=\"elementor-container elementor-column-gap-default\">\n\t\t\t\t\t<div class=\"elementor-column elementor-col-100 elementor-top-column elementor-element elementor-element-0d90e4e\" data-id=\"0d90e4e\" data-element_type=\"column\" data-e-type=\"column\">\n\t\t\t<div class=\"elementor-widget-wrap elementor-element-populated\">\n\t\t\t\t\t\t<div class=\"elementor-element elementor-element-b9ced99 elementor-widget elementor-widget-heading\" data-id=\"b9ced99\" data-element_type=\"widget\" data-e-type=\"widget\" data-widget_type=\"heading.default\">\n\t\t\t\t<div class=\"elementor-widget-container\">\n\t\t\t\t\t<h4 class=\"elementor-heading-title elementor-size-default\">I tre passaggi<\/h4>\t\t\t\t<\/div>\n\t\t\t\t<\/div>\n\t\t\t\t<section class=\"elementor-section elementor-inner-section elementor-element elementor-element-52b8ace elementor-section-boxed elementor-section-height-default elementor-section-height-default\" data-id=\"52b8ace\" data-element_type=\"section\" data-e-type=\"section\">\n\t\t\t\t\t\t<div class=\"elementor-container elementor-column-gap-default\">\n\t\t\t\t\t<div class=\"elementor-column elementor-col-33 elementor-inner-column elementor-element elementor-element-a9d2664\" data-id=\"a9d2664\" data-element_type=\"column\" data-e-type=\"column\">\n\t\t\t<div class=\"elementor-widget-wrap elementor-element-populated\">\n\t\t\t\t\t\t<div class=\"elementor-element elementor-element-f197f3e elementor-widget elementor-widget-heading\" data-id=\"f197f3e\" data-element_type=\"widget\" data-e-type=\"widget\" data-widget_type=\"heading.default\">\n\t\t\t\t<div class=\"elementor-widget-container\">\n\t\t\t\t\t<h2 class=\"elementor-heading-title elementor-size-default\">Consapevolezza<\/h2>\t\t\t\t<\/div>\n\t\t\t\t<\/div>\n\t\t\t\t<div class=\"elementor-element elementor-element-ddff5df elementor-widget elementor-widget-text-editor\" data-id=\"ddff5df\" data-element_type=\"widget\" data-e-type=\"widget\" data-widget_type=\"text-editor.default\">\n\t\t\t\t<div class=\"elementor-widget-container\">\n\t\t\t\t\t\t\t\t\t<p data-start=\"555\" data-end=\"676\">Un primo confronto strutturato per raccogliere gli elementi utili, leggere i primi segnali e mettere a fuoco le priorit\u00e0.<\/p><p data-start=\"678\" data-end=\"812\">Da questo passaggio nasce la <strong data-start=\"707\" data-end=\"730\">Pre-diagnosi Elegos<\/strong>, con <strong data-start=\"736\" data-end=\"754\">prime evidenze<\/strong>, <strong data-start=\"756\" data-end=\"772\">tre priorit\u00e0<\/strong> e proposta di eventuale <strong data-start=\"797\" data-end=\"811\">Assessment<\/strong>.<\/p>\t\t\t\t\t\t\t\t<\/div>\n\t\t\t\t<\/div>\n\t\t\t\t\t<\/div>\n\t\t<\/div>\n\t\t\t\t<div class=\"elementor-column elementor-col-33 elementor-inner-column elementor-element elementor-element-69da601\" data-id=\"69da601\" data-element_type=\"column\" data-e-type=\"column\">\n\t\t\t<div class=\"elementor-widget-wrap elementor-element-populated\">\n\t\t\t\t\t\t<div class=\"elementor-element elementor-element-f7d880a elementor-widget elementor-widget-heading\" data-id=\"f7d880a\" data-element_type=\"widget\" data-e-type=\"widget\" data-widget_type=\"heading.default\">\n\t\t\t\t<div class=\"elementor-widget-container\">\n\t\t\t\t\t<h2 class=\"elementor-heading-title elementor-size-default\">Assessment<\/h2>\t\t\t\t<\/div>\n\t\t\t\t<\/div>\n\t\t\t\t<div class=\"elementor-element elementor-element-ae7be1a elementor-widget elementor-widget-text-editor\" data-id=\"ae7be1a\" data-element_type=\"widget\" data-e-type=\"widget\" data-widget_type=\"text-editor.default\">\n\t\t\t\t<div class=\"elementor-widget-container\">\n\t\t\t\t\t\t\t\t\t<p data-start=\"833\" data-end=\"978\">Un approfondimento strutturato per analizzare la situazione dell\u2019impresa, individuare le aree da presidiare e definire le <strong data-start=\"955\" data-end=\"977\">priorit\u00e0 operative<\/strong>.<\/p><p data-start=\"980\" data-end=\"1082\">L\u2019output \u00e8 un quadro pi\u00f9 chiaro della situazione, con <strong data-start=\"1034\" data-end=\"1081\">report, score, semafori, evidenze e roadmap<\/strong>.<\/p>\t\t\t\t\t\t\t\t<\/div>\n\t\t\t\t<\/div>\n\t\t\t\t\t<\/div>\n\t\t<\/div>\n\t\t\t\t<div class=\"elementor-column elementor-col-33 elementor-inner-column elementor-element elementor-element-9f2ab2e\" data-id=\"9f2ab2e\" data-element_type=\"column\" data-e-type=\"column\">\n\t\t\t<div class=\"elementor-widget-wrap elementor-element-populated\">\n\t\t\t\t\t\t<div class=\"elementor-element elementor-element-a2a9e40 elementor-widget elementor-widget-heading\" data-id=\"a2a9e40\" data-element_type=\"widget\" data-e-type=\"widget\" data-widget_type=\"heading.default\">\n\t\t\t\t<div class=\"elementor-widget-container\">\n\t\t\t\t\t<h2 class=\"elementor-heading-title elementor-size-default\">Percorso<\/h2>\t\t\t\t<\/div>\n\t\t\t\t<\/div>\n\t\t\t\t<div class=\"elementor-element elementor-element-072d578 elementor-widget elementor-widget-text-editor\" data-id=\"072d578\" data-element_type=\"widget\" data-e-type=\"widget\" data-widget_type=\"text-editor.default\">\n\t\t\t\t<div class=\"elementor-widget-container\">\n\t\t\t\t\t\t\t\t\t<p data-start=\"532\" data-end=\"708\">Un <strong data-start=\"1104\" data-end=\"1136\">accompagnamento continuativo<\/strong> per trasformare l\u2019analisi in azioni, monitorare gli sviluppi e aggiornare le priorit\u00e0 nel tempo.<\/p>\t\t\t\t\t\t\t\t<\/div>\n\t\t\t\t<\/div>\n\t\t\t\t\t<\/div>\n\t\t<\/div>\n\t\t\t\t\t<\/div>\n\t\t<\/section>\n\t\t\t\t\t<\/div>\n\t\t<\/div>\n\t\t\t\t\t<\/div>\n\t\t<\/section>\n\t\t\t\t<section class=\"elementor-section elementor-top-section elementor-element elementor-element-9dc7b76 elementor-section-boxed elementor-section-height-default elementor-section-height-default\" data-id=\"9dc7b76\" data-element_type=\"section\" data-e-type=\"section\">\n\t\t\t\t\t\t<div class=\"elementor-container elementor-column-gap-default\">\n\t\t\t\t\t<div class=\"elementor-column elementor-col-100 elementor-top-column elementor-element elementor-element-32ac394\" data-id=\"32ac394\" data-element_type=\"column\" data-e-type=\"column\">\n\t\t\t<div class=\"elementor-widget-wrap elementor-element-populated\">\n\t\t\t\t\t\t<div class=\"elementor-element elementor-element-4cc193b elementor-widget elementor-widget-heading\" data-id=\"4cc193b\" data-element_type=\"widget\" data-e-type=\"widget\" data-widget_type=\"heading.default\">\n\t\t\t\t<div class=\"elementor-widget-container\">\n\t\t\t\t\t<h4 class=\"elementor-heading-title elementor-size-default\">Come si attiva la rete<\/h4>\t\t\t\t<\/div>\n\t\t\t\t<\/div>\n\t\t\t\t<div class=\"elementor-element elementor-element-7cf492e elementor-widget elementor-widget-text-editor\" data-id=\"7cf492e\" data-element_type=\"widget\" data-e-type=\"widget\" data-widget_type=\"text-editor.default\">\n\t\t\t\t<div class=\"elementor-widget-container\">\n\t\t\t\t\t\t\t\t\t<p data-start=\"1266\" data-end=\"1326\">Elegos non propone un <strong data-start=\"1288\" data-end=\"1308\">pacchetto rigido<\/strong> uguale per tutti.<\/p><p data-start=\"1328\" data-end=\"1667\">Attiva, di volta in volta, le <strong data-start=\"1358\" data-end=\"1393\">competenze realmente necessarie<\/strong> e costruisce un lavoro coerente con la fase dell\u2019impresa, i suoi obiettivi e il livello di approfondimento utile in quel momento. Il percorso pu\u00f2 fermarsi alla fase iniziale, svilupparsi in un <strong data-start=\"1587\" data-end=\"1601\">Assessment<\/strong> oppure proseguire, quando serve, in un accompagnamento pi\u00f9 ampio.<\/p>\t\t\t\t\t\t\t\t<\/div>\n\t\t\t\t<\/div>\n\t\t\t\t\t<\/div>\n\t\t<\/div>\n\t\t\t\t\t<\/div>\n\t\t<\/section>\n\t\t\t\t<section class=\"elementor-section elementor-top-section elementor-element elementor-element-34daa55 elementor-section-boxed elementor-section-height-default elementor-section-height-default\" data-id=\"34daa55\" data-element_type=\"section\" data-e-type=\"section\">\n\t\t\t\t\t\t<div class=\"elementor-container elementor-column-gap-default\">\n\t\t\t\t\t<div class=\"elementor-column elementor-col-100 elementor-top-column elementor-element elementor-element-6ec3218\" data-id=\"6ec3218\" data-element_type=\"column\" data-e-type=\"column\">\n\t\t\t<div class=\"elementor-widget-wrap elementor-element-populated\">\n\t\t\t\t\t\t<div class=\"elementor-element elementor-element-30889c0 elementor-widget elementor-widget-heading\" data-id=\"30889c0\" data-element_type=\"widget\" data-e-type=\"widget\" data-widget_type=\"heading.default\">\n\t\t\t\t<div class=\"elementor-widget-container\">\n\t\t\t\t\t<h4 class=\"elementor-heading-title elementor-size-default\">Proof point<\/h4>\t\t\t\t<\/div>\n\t\t\t\t<\/div>\n\t\t\t\t<div class=\"elementor-element elementor-element-1d0d75c elementor-widget elementor-widget-text-editor\" data-id=\"1d0d75c\" data-element_type=\"widget\" data-e-type=\"widget\" data-widget_type=\"text-editor.default\">\n\t\t\t\t<div class=\"elementor-widget-container\">\n\t\t\t\t\t\t\t\t\t<p data-start=\"1266\" data-end=\"1326\">Per rendere il lavoro <strong data-start=\"1711\" data-end=\"1739\">ripetibile e difendibile<\/strong>, Elegos utilizza un <strong data-start=\"1760\" data-end=\"1785\">framework strutturato<\/strong> da cui derivano <strong data-start=\"1802\" data-end=\"1824\">scoring e semafori<\/strong>. La tecnologia serve ad abilitare continuit\u00e0 e confrontabilit\u00e0, ma le conclusioni e le priorit\u00e0 restano sempre <strong data-start=\"1936\" data-end=\"1966\">validate da professionisti<\/strong> e ancorate a <strong data-start=\"1980\" data-end=\"1992\">evidenze<\/strong>.<\/p>\t\t\t\t\t\t\t\t<\/div>\n\t\t\t\t<\/div>\n\t\t\t\t\t<\/div>\n\t\t<\/div>\n\t\t\t\t\t<\/div>\n\t\t<\/section>\n\t\t\t\t<section class=\"elementor-section elementor-top-section elementor-element elementor-element-22be837 elementor-section-boxed elementor-section-height-default elementor-section-height-default\" data-id=\"22be837\" data-element_type=\"section\" data-e-type=\"section\">\n\t\t\t\t\t\t<div class=\"elementor-container elementor-column-gap-default\">\n\t\t\t\t\t<div class=\"elementor-column elementor-col-100 elementor-top-column elementor-element elementor-element-fcd26d1\" data-id=\"fcd26d1\" data-element_type=\"column\" data-e-type=\"column\">\n\t\t\t<div class=\"elementor-widget-wrap elementor-element-populated\">\n\t\t\t\t\t\t<section class=\"elementor-section elementor-inner-section elementor-element elementor-element-43ac454 elementor-section-boxed elementor-section-height-default elementor-section-height-default\" data-id=\"43ac454\" data-element_type=\"section\" data-e-type=\"section\" data-settings=\"{&quot;background_background&quot;:&quot;classic&quot;}\">\n\t\t\t\t\t\t<div class=\"elementor-container elementor-column-gap-default\">\n\t\t\t\t\t<div class=\"elementor-column elementor-col-100 elementor-inner-column elementor-element elementor-element-f55af0b\" data-id=\"f55af0b\" data-element_type=\"column\" data-e-type=\"column\">\n\t\t\t<div class=\"elementor-widget-wrap elementor-element-populated\">\n\t\t\t\t\t\t<div class=\"elementor-element elementor-element-1a9f6ab elementor-widget elementor-widget-heading\" data-id=\"1a9f6ab\" data-element_type=\"widget\" data-e-type=\"widget\" data-widget_type=\"heading.default\">\n\t\t\t\t<div class=\"elementor-widget-container\">\n\t\t\t\t\t<h4 class=\"elementor-heading-title elementor-size-default\">Valutazione preliminare<\/h4>\t\t\t\t<\/div>\n\t\t\t\t<\/div>\n\t\t\t\t<div class=\"elementor-element elementor-element-4aa1d5b elementor-widget elementor-widget-text-editor\" data-id=\"4aa1d5b\" data-element_type=\"widget\" data-e-type=\"widget\" data-widget_type=\"text-editor.default\">\n\t\t\t\t<div class=\"elementor-widget-container\">\n\t\t\t\t\t\t\t\t\t<p>Un primo confronto strutturato per mettere a fuoco assetti, rischi e priorit\u00e0 con maggiore consapevolezza.<\/p>\t\t\t\t\t\t\t\t<\/div>\n\t\t\t\t<\/div>\n\t\t\t\t<div class=\"elementor-element elementor-element-c951f2f elementor-mobile-align-center elementor-align-center elementor-widget elementor-widget-button\" data-id=\"c951f2f\" data-element_type=\"widget\" data-e-type=\"widget\" data-widget_type=\"button.default\">\n\t\t\t\t<div class=\"elementor-widget-container\">\n\t\t\t\t\t\t\t\t\t<div class=\"elementor-button-wrapper\">\n\t\t\t\t\t<a class=\"elementor-button elementor-button-link elementor-size-sm\" href=\"#\">\n\t\t\t\t\t\t<span class=\"elementor-button-content-wrapper\">\n\t\t\t\t\t\t\t\t\t<span class=\"elementor-button-text\">Prenota una valutazione preliminare<\/span>\n\t\t\t\t\t<\/span>\n\t\t\t\t\t<\/a>\n\t\t\t\t<\/div>\n\t\t\t\t\t\t\t\t<\/div>\n\t\t\t\t<\/div>\n\t\t\t\t\t<\/div>\n\t\t<\/div>\n\t\t\t\t\t<\/div>\n\t\t<\/section>\n\t\t\t\t\t<\/div>\n\t\t<\/div>\n\t\t\t\t\t<\/div>\n\t\t<\/section>\n\t\t\t\t<\/div>\n\t\t","protected":false},"excerpt":{"rendered":"<p>Il lavoro con Elegos prende forma in modo progressivo e su misura: parte da una prima lettura, pu\u00f2 svilupparsi in un approfondimento strutturato e, quando serve, proseguire in un accompagnamento nel tempo. Ogni impresa ha esigenze diverse. Per questo Elegos mette in campo una rete di competenze che si attiva in modo progressivo, costruendo percorsi [&hellip;]<\/p>\n","protected":false},"author":1,"featured_media":0,"parent":0,"menu_order":0,"comment_status":"closed","ping_status":"closed","template":"","meta":{"footnotes":""},"class_list":["post-6033","page","type-page","status-publish","hentry"],"_links":{"self":[{"href":"https:\/\/www.elegos.it\/sito\/wp-json\/wp\/v2\/pages\/6033","targetHints":{"allow":["GET"]}}],"collection":[{"href":"https:\/\/www.elegos.it\/sito\/wp-json\/wp\/v2\/pages"}],"about":[{"href":"https:\/\/www.elegos.it\/sito\/wp-json\/wp\/v2\/types\/page"}],"author":[{"embeddable":true,"href":"https:\/\/www.elegos.it\/sito\/wp-json\/wp\/v2\/users\/1"}],"replies":[{"embeddable":true,"href":"https:\/\/www.elegos.it\/sito\/wp-json\/wp\/v2\/comments?post=6033"}],"version-history":[{"count":7,"href":"https:\/\/www.elegos.it\/sito\/wp-json\/wp\/v2\/pages\/6033\/revisions"}],"predecessor-version":[{"id":6279,"href":"https:\/\/www.elegos.it\/sito\/wp-json\/wp\/v2\/pages\/6033\/revisions\/6279"}],"wp:attachment":[{"href":"https:\/\/www.elegos.it\/sito\/wp-json\/wp\/v2\/media?parent=6033"}],"curies":[{"name":"wp","href":"https:\/\/api.w.org\/{rel}","templated":true}]}}