{"id":6036,"date":"2026-03-15T10:50:01","date_gmt":"2026-03-15T10:50:01","guid":{"rendered":"https:\/\/www.elegos.it\/sito\/?page_id=6036"},"modified":"2026-03-15T14:41:33","modified_gmt":"2026-03-15T14:41:33","slug":"per-chi-lavoriamo","status":"publish","type":"page","link":"https:\/\/www.elegos.it\/sito\/per-chi-lavoriamo\/","title":{"rendered":"Per chi lavoriamo"},"content":{"rendered":"\t\t<div data-elementor-type=\"wp-page\" data-elementor-id=\"6036\" class=\"elementor elementor-6036\" data-elementor-post-type=\"page\">\n\t\t\t\t\t\t<section class=\"elementor-section elementor-top-section elementor-element elementor-element-46ff817 elementor-section-boxed elementor-section-height-default elementor-section-height-default\" data-id=\"46ff817\" data-element_type=\"section\" data-e-type=\"section\">\n\t\t\t\t\t\t<div class=\"elementor-container elementor-column-gap-default\">\n\t\t\t\t\t<div class=\"elementor-column elementor-col-100 elementor-top-column elementor-element elementor-element-47f3f3d\" data-id=\"47f3f3d\" data-element_type=\"column\" data-e-type=\"column\">\n\t\t\t<div class=\"elementor-widget-wrap elementor-element-populated\">\n\t\t\t\t\t\t<div class=\"elementor-element elementor-element-7ccc2b5 elementor-widget elementor-widget-text-editor\" data-id=\"7ccc2b5\" data-element_type=\"widget\" data-e-type=\"widget\" data-widget_type=\"text-editor.default\">\n\t\t\t\t<div class=\"elementor-widget-container\">\n\t\t\t\t\t\t\t\t\t<p data-start=\"118\" data-end=\"292\">Affianchiamo <strong data-start=\"131\" data-end=\"152\">imprese e startup<\/strong> che hanno bisogno di <strong data-start=\"174\" data-end=\"206\">pi\u00f9 chiarezza, pi\u00f9 controllo<\/strong> e un presidio concreto dei temi che incidono su <strong data-start=\"255\" data-end=\"291\">struttura, gestione e continuit\u00e0<\/strong>.<\/p><p data-start=\"294\" data-end=\"522\">Ogni realt\u00e0 ha un equilibrio diverso tra <strong data-start=\"335\" data-end=\"379\">priorit\u00e0, tempi e competenze da attivare<\/strong>. Per questo Elegos costruisce <strong data-start=\"410\" data-end=\"432\">percorsi su misura<\/strong>, lavorando in modo diverso a seconda del contesto e della fase in cui si trova l\u2019impresa.<\/p>\t\t\t\t\t\t\t\t<\/div>\n\t\t\t\t<\/div>\n\t\t\t\t<section class=\"elementor-section elementor-inner-section elementor-element elementor-element-b2e9449 elementor-section-boxed elementor-section-height-default elementor-section-height-default\" data-id=\"b2e9449\" data-element_type=\"section\" data-e-type=\"section\">\n\t\t\t\t\t\t<div class=\"elementor-container elementor-column-gap-default\">\n\t\t\t\t\t<div class=\"elementor-column elementor-col-50 elementor-inner-column elementor-element elementor-element-043f7bb\" data-id=\"043f7bb\" data-element_type=\"column\" data-e-type=\"column\">\n\t\t\t<div class=\"elementor-widget-wrap elementor-element-populated\">\n\t\t\t\t\t\t<div class=\"elementor-element elementor-element-dd0e04d elementor-widget elementor-widget-heading\" data-id=\"dd0e04d\" data-element_type=\"widget\" data-e-type=\"widget\" data-widget_type=\"heading.default\">\n\t\t\t\t<div class=\"elementor-widget-container\">\n\t\t\t\t\t<h2 class=\"elementor-heading-title elementor-size-default\">PMI<\/h2>\t\t\t\t<\/div>\n\t\t\t\t<\/div>\n\t\t\t\t<div class=\"elementor-element elementor-element-e7c8d78 elementor-widget elementor-widget-text-editor\" data-id=\"e7c8d78\" data-element_type=\"widget\" data-e-type=\"widget\" data-widget_type=\"text-editor.default\">\n\t\t\t\t<div class=\"elementor-widget-container\">\n\t\t\t\t\t\t\t\t\t<p data-start=\"532\" data-end=\"708\">Lavoriamo con <strong data-start=\"546\" data-end=\"553\">PMI<\/strong> che vogliono rafforzare <strong data-start=\"578\" data-end=\"622\">assetti, governo dei numeri e continuit\u00e0<\/strong>, trasformando obblighi e complessit\u00e0 in <strong data-start=\"663\" data-end=\"707\">maggiore chiarezza, controllo e solidit\u00e0<\/strong>.<\/p><p data-start=\"710\" data-end=\"924\">Affianchiamo <strong data-start=\"723\" data-end=\"749\">propriet\u00e0 e management<\/strong> quando serve fare ordine, ridurre i rischi e costruire un percorso operativo con <strong data-start=\"831\" data-end=\"875\">priorit\u00e0 chiare, responsabilit\u00e0 definite<\/strong> e indicatori che aiutano a misurare i progressi.<\/p>\t\t\t\t\t\t\t\t<\/div>\n\t\t\t\t<\/div>\n\t\t\t\t<div class=\"elementor-element elementor-element-4959485 elementor-widget elementor-widget-heading\" data-id=\"4959485\" data-element_type=\"widget\" data-e-type=\"widget\" data-widget_type=\"heading.default\">\n\t\t\t\t<div class=\"elementor-widget-container\">\n\t\t\t\t\t<h6 class=\"elementor-heading-title elementor-size-default\">Quando siamo utili<\/h6>\t\t\t\t<\/div>\n\t\t\t\t<\/div>\n\t\t\t\t<div class=\"elementor-element elementor-element-3e7e963 elementor-widget elementor-widget-text-editor\" data-id=\"3e7e963\" data-element_type=\"widget\" data-e-type=\"widget\" data-widget_type=\"text-editor.default\">\n\t\t\t\t<div class=\"elementor-widget-container\">\n\t\t\t\t\t\t\t\t\t<ul data-start=\"949\" data-end=\"1283\"><li data-section-id=\"11itsiq\" data-start=\"949\" data-end=\"1016\"><p data-start=\"951\" data-end=\"1016\">quando serve fare ordine tra <strong data-start=\"980\" data-end=\"1016\">assetti, numeri e responsabilit\u00e0<\/strong><\/p><\/li><li data-section-id=\"1kjyl2i\" data-start=\"1017\" data-end=\"1102\"><p data-start=\"1019\" data-end=\"1102\">quando <strong data-start=\"1026\" data-end=\"1052\">obblighi e adempimenti<\/strong> vengono percepiti come un peso, non come una leva<\/p><\/li><li data-section-id=\"1gecwd3\" data-start=\"1103\" data-end=\"1183\"><p data-start=\"1105\" data-end=\"1183\">quando <strong data-start=\"1112\" data-end=\"1156\">governance, controllo di gestione ed ESG<\/strong> non sono ancora coordinati<\/p><\/li><li data-section-id=\"qkewzn\" data-start=\"1184\" data-end=\"1283\"><p data-start=\"1186\" data-end=\"1283\">quando serve costruire un percorso <strong data-start=\"1221\" data-end=\"1283\">pi\u00f9 leggibile, pi\u00f9 governabile e pi\u00f9 sostenibile nel tempo<\/strong><\/p><\/li><\/ul>\t\t\t\t\t\t\t\t<\/div>\n\t\t\t\t<\/div>\n\t\t\t\t\t<\/div>\n\t\t<\/div>\n\t\t\t\t<div class=\"elementor-column elementor-col-50 elementor-inner-column elementor-element elementor-element-45dc52a\" data-id=\"45dc52a\" data-element_type=\"column\" data-e-type=\"column\">\n\t\t\t<div class=\"elementor-widget-wrap elementor-element-populated\">\n\t\t\t\t\t\t<div class=\"elementor-element elementor-element-0b58188 elementor-widget elementor-widget-heading\" data-id=\"0b58188\" data-element_type=\"widget\" data-e-type=\"widget\" data-widget_type=\"heading.default\">\n\t\t\t\t<div class=\"elementor-widget-container\">\n\t\t\t\t\t<h2 class=\"elementor-heading-title elementor-size-default\">Startup<\/h2>\t\t\t\t<\/div>\n\t\t\t\t<\/div>\n\t\t\t\t<div class=\"elementor-element elementor-element-d570295 elementor-widget elementor-widget-text-editor\" data-id=\"d570295\" data-element_type=\"widget\" data-e-type=\"widget\" data-widget_type=\"text-editor.default\">\n\t\t\t\t<div class=\"elementor-widget-container\">\n\t\t\t\t\t\t\t\t\t<p data-start=\"1297\" data-end=\"1505\">Lavoriamo con <strong data-start=\"1311\" data-end=\"1342\">startup in fase di crescita<\/strong> che devono impostare bene fin dall\u2019inizio <strong data-start=\"1385\" data-end=\"1430\">struttura, controllo e pres\u00ecdi essenziali<\/strong>, per arrivare pi\u00f9 preparate al <strong data-start=\"1462\" data-end=\"1504\">mercato, ai partner e agli investitori<\/strong>.<\/p><p data-start=\"1507\" data-end=\"1633\">L\u2019obiettivo \u00e8 <strong data-start=\"1521\" data-end=\"1550\">crescere in modo ordinato<\/strong>, evitare errori costosi e costruire da subito una base pi\u00f9 solida per lo sviluppo.<\/p>\t\t\t\t\t\t\t\t<\/div>\n\t\t\t\t<\/div>\n\t\t\t\t<div class=\"elementor-element elementor-element-169fa1d elementor-widget elementor-widget-heading\" data-id=\"169fa1d\" data-element_type=\"widget\" data-e-type=\"widget\" data-widget_type=\"heading.default\">\n\t\t\t\t<div class=\"elementor-widget-container\">\n\t\t\t\t\t<h6 class=\"elementor-heading-title elementor-size-default\">Quando siamo utili<\/h6>\t\t\t\t<\/div>\n\t\t\t\t<\/div>\n\t\t\t\t<div class=\"elementor-element elementor-element-235a1fb elementor-widget elementor-widget-text-editor\" data-id=\"235a1fb\" data-element_type=\"widget\" data-e-type=\"widget\" data-widget_type=\"text-editor.default\">\n\t\t\t\t<div class=\"elementor-widget-container\">\n\t\t\t\t\t\t\t\t\t<ul><li data-section-id=\"ov2o62\" data-start=\"1658\" data-end=\"1717\"><p data-start=\"1660\" data-end=\"1717\">quando serve impostare una <strong data-start=\"1687\" data-end=\"1717\">struttura minima ma chiara<\/strong><\/p><\/li><li data-section-id=\"1bdpzc3\" data-start=\"1718\" data-end=\"1789\"><p data-start=\"1720\" data-end=\"1789\">quando i <strong data-start=\"1729\" data-end=\"1739\">numeri<\/strong> devono essere messi sotto controllo fin da subito<\/p><\/li><li data-section-id=\"1pxsxjb\" data-start=\"1790\" data-end=\"1868\"><p data-start=\"1792\" data-end=\"1868\">quando la <strong data-start=\"1802\" data-end=\"1827\">compliance essenziale<\/strong> va gestita senza appesantire la crescita<\/p><\/li><li data-section-id=\"fnqweh\" data-start=\"1869\" data-end=\"1952\"><p data-start=\"1871\" data-end=\"1952\">quando <strong data-start=\"1878\" data-end=\"1928\">prodotto, mercato, investitori e comunicazione<\/strong> devono restare coerenti<\/p><\/li><\/ul>\t\t\t\t\t\t\t\t<\/div>\n\t\t\t\t<\/div>\n\t\t\t\t\t<\/div>\n\t\t<\/div>\n\t\t\t\t\t<\/div>\n\t\t<\/section>\n\t\t\t\t\t<\/div>\n\t\t<\/div>\n\t\t\t\t\t<\/div>\n\t\t<\/section>\n\t\t\t\t<section class=\"elementor-section elementor-top-section elementor-element elementor-element-113f7f8 elementor-section-boxed elementor-section-height-default elementor-section-height-default\" data-id=\"113f7f8\" data-element_type=\"section\" data-e-type=\"section\">\n\t\t\t\t\t\t<div class=\"elementor-container elementor-column-gap-default\">\n\t\t\t\t\t<div class=\"elementor-column elementor-col-100 elementor-top-column elementor-element elementor-element-c9ac8be\" data-id=\"c9ac8be\" data-element_type=\"column\" data-e-type=\"column\">\n\t\t\t<div class=\"elementor-widget-wrap elementor-element-populated\">\n\t\t\t\t\t\t<div class=\"elementor-element elementor-element-64a2a24 elementor-widget elementor-widget-heading\" data-id=\"64a2a24\" data-element_type=\"widget\" data-e-type=\"widget\" data-widget_type=\"heading.default\">\n\t\t\t\t<div class=\"elementor-widget-container\">\n\t\t\t\t\t<h4 class=\"elementor-heading-title elementor-size-default\">Un approccio diverso per contesti diversi<\/h4>\t\t\t\t<\/div>\n\t\t\t\t<\/div>\n\t\t\t\t<div class=\"elementor-element elementor-element-bfa844f elementor-widget elementor-widget-text-editor\" data-id=\"bfa844f\" data-element_type=\"widget\" data-e-type=\"widget\" data-widget_type=\"text-editor.default\">\n\t\t\t\t<div class=\"elementor-widget-container\">\n\t\t\t\t\t\t\t\t\t<p data-start=\"2000\" data-end=\"2184\"><strong data-start=\"2000\" data-end=\"2017\">PMI e startup<\/strong> hanno bisogni diversi, ma una stessa esigenza di fondo: <strong data-start=\"2074\" data-end=\"2183\">leggere meglio la propria situazione, definire priorit\u00e0 chiare e costruire percorsi sostenibili nel tempo<\/strong>.<\/p><p data-start=\"2186\" data-end=\"2334\">Elegos lavora su questo equilibrio attivando le <strong data-start=\"2234\" data-end=\"2259\">competenze necessarie<\/strong> in base al contesto, agli obiettivi e alla fase in cui si trova l\u2019impresa.<\/p>\t\t\t\t\t\t\t\t<\/div>\n\t\t\t\t<\/div>\n\t\t\t\t\t<\/div>\n\t\t<\/div>\n\t\t\t\t\t<\/div>\n\t\t<\/section>\n\t\t\t\t<section class=\"elementor-section elementor-top-section elementor-element elementor-element-e2185b0 elementor-section-boxed elementor-section-height-default elementor-section-height-default\" data-id=\"e2185b0\" data-element_type=\"section\" data-e-type=\"section\">\n\t\t\t\t\t\t<div class=\"elementor-container elementor-column-gap-default\">\n\t\t\t\t\t<div class=\"elementor-column elementor-col-100 elementor-top-column elementor-element elementor-element-fc845ce\" data-id=\"fc845ce\" data-element_type=\"column\" data-e-type=\"column\">\n\t\t\t<div class=\"elementor-widget-wrap elementor-element-populated\">\n\t\t\t\t\t\t<section class=\"elementor-section elementor-inner-section elementor-element elementor-element-136c0b7 elementor-section-boxed elementor-section-height-default elementor-section-height-default\" data-id=\"136c0b7\" data-element_type=\"section\" data-e-type=\"section\" data-settings=\"{&quot;background_background&quot;:&quot;classic&quot;}\">\n\t\t\t\t\t\t<div class=\"elementor-container elementor-column-gap-default\">\n\t\t\t\t\t<div class=\"elementor-column elementor-col-100 elementor-inner-column elementor-element elementor-element-1d28464\" data-id=\"1d28464\" data-element_type=\"column\" data-e-type=\"column\">\n\t\t\t<div class=\"elementor-widget-wrap elementor-element-populated\">\n\t\t\t\t\t\t<div class=\"elementor-element elementor-element-44bd968 elementor-widget elementor-widget-heading\" data-id=\"44bd968\" data-element_type=\"widget\" data-e-type=\"widget\" data-widget_type=\"heading.default\">\n\t\t\t\t<div class=\"elementor-widget-container\">\n\t\t\t\t\t<h4 class=\"elementor-heading-title elementor-size-default\">Valutazione preliminare<\/h4>\t\t\t\t<\/div>\n\t\t\t\t<\/div>\n\t\t\t\t<div class=\"elementor-element elementor-element-b5e7c2b elementor-widget elementor-widget-text-editor\" data-id=\"b5e7c2b\" data-element_type=\"widget\" data-e-type=\"widget\" data-widget_type=\"text-editor.default\">\n\t\t\t\t<div class=\"elementor-widget-container\">\n\t\t\t\t\t\t\t\t\t<p>Un primo confronto strutturato per mettere a fuoco assetti, rischi e priorit\u00e0 con maggiore consapevolezza.<\/p>\t\t\t\t\t\t\t\t<\/div>\n\t\t\t\t<\/div>\n\t\t\t\t<div class=\"elementor-element elementor-element-5b3b161 elementor-mobile-align-center elementor-align-center elementor-widget elementor-widget-button\" data-id=\"5b3b161\" data-element_type=\"widget\" data-e-type=\"widget\" data-widget_type=\"button.default\">\n\t\t\t\t<div class=\"elementor-widget-container\">\n\t\t\t\t\t\t\t\t\t<div class=\"elementor-button-wrapper\">\n\t\t\t\t\t<a class=\"elementor-button elementor-button-link elementor-size-sm\" href=\"#\">\n\t\t\t\t\t\t<span class=\"elementor-button-content-wrapper\">\n\t\t\t\t\t\t\t\t\t<span class=\"elementor-button-text\">Prenota una valutazione preliminare<\/span>\n\t\t\t\t\t<\/span>\n\t\t\t\t\t<\/a>\n\t\t\t\t<\/div>\n\t\t\t\t\t\t\t\t<\/div>\n\t\t\t\t<\/div>\n\t\t\t\t\t<\/div>\n\t\t<\/div>\n\t\t\t\t\t<\/div>\n\t\t<\/section>\n\t\t\t\t\t<\/div>\n\t\t<\/div>\n\t\t\t\t\t<\/div>\n\t\t<\/section>\n\t\t\t\t<\/div>\n\t\t","protected":false},"excerpt":{"rendered":"<p>Affianchiamo imprese e startup che hanno bisogno di pi\u00f9 chiarezza, pi\u00f9 controllo e un presidio concreto dei temi che incidono su struttura, gestione e continuit\u00e0. Ogni realt\u00e0 ha un equilibrio diverso tra priorit\u00e0, tempi e competenze da attivare. Per questo Elegos costruisce percorsi su misura, lavorando in modo diverso a seconda del contesto e della [&hellip;]<\/p>\n","protected":false},"author":1,"featured_media":0,"parent":0,"menu_order":0,"comment_status":"closed","ping_status":"closed","template":"","meta":{"footnotes":""},"class_list":["post-6036","page","type-page","status-publish","hentry"],"_links":{"self":[{"href":"https:\/\/www.elegos.it\/sito\/wp-json\/wp\/v2\/pages\/6036","targetHints":{"allow":["GET"]}}],"collection":[{"href":"https:\/\/www.elegos.it\/sito\/wp-json\/wp\/v2\/pages"}],"about":[{"href":"https:\/\/www.elegos.it\/sito\/wp-json\/wp\/v2\/types\/page"}],"author":[{"embeddable":true,"href":"https:\/\/www.elegos.it\/sito\/wp-json\/wp\/v2\/users\/1"}],"replies":[{"embeddable":true,"href":"https:\/\/www.elegos.it\/sito\/wp-json\/wp\/v2\/comments?post=6036"}],"version-history":[{"count":127,"href":"https:\/\/www.elegos.it\/sito\/wp-json\/wp\/v2\/pages\/6036\/revisions"}],"predecessor-version":[{"id":6250,"href":"https:\/\/www.elegos.it\/sito\/wp-json\/wp\/v2\/pages\/6036\/revisions\/6250"}],"wp:attachment":[{"href":"https:\/\/www.elegos.it\/sito\/wp-json\/wp\/v2\/media?parent=6036"}],"curies":[{"name":"wp","href":"https:\/\/api.w.org\/{rel}","templated":true}]}}